{"id":1871,"date":"2026-04-06T12:15:35","date_gmt":"2026-04-06T10:15:35","guid":{"rendered":"https:\/\/aaaikido.de\/?page_id=1871"},"modified":"2026-04-06T12:17:10","modified_gmt":"2026-04-06T10:17:10","slug":"aikido-unterwegs","status":"publish","type":"page","link":"https:\/\/aaaikido.de\/","title":{"rendered":"Aikido unterwegs"},"content":{"rendered":"\n<p>Dies ist eine private Webseite von Christine Schmidt, die nicht f\u00fcr die \u00d6ffentlichkeit gedacht ist. Hier hinterlegte Informationen, Dokumente etc. sind f\u00fcr mich und evtl. auch andere verf\u00fcgbar, wenn ich unterwegs bin. Manche Inhalte werden aus Sicherheitsgr\u00fcnden nur mit einem Passwort angezeigt.<\/p>\n\n\n\n<p><em>This is a private Website of Christine Schmidt, which is not created for the general public, but for myself and maybe others to dispose informations, documents e.g. when I am on the way. For safety reasons some contents are only disclosed with a password.<\/em><\/p>\n\n\n\n<div class=\"wp-block-buttons is-layout-flex wp-block-buttons-is-layout-flex\"><\/div>\n","protected":false},"excerpt":{"rendered":"<p>Dies ist eine private Webseite von Christine Schmidt, die nicht f\u00fcr die \u00d6ffentlichkeit gedacht ist. Hier hinterlegte Informationen, Dokumente etc. sind f\u00fcr mich und evtl. auch andere verf\u00fcgbar, wenn ich unterwegs bin. Manche Inhalte werden aus Sicherheitsgr\u00fcnden nur mit einem Passwort angezeigt. This is a private Website of Christine Schmidt, which is not created for [&hellip;]<\/p>\n","protected":false},"author":1,"featured_media":0,"parent":0,"menu_order":0,"comment_status":"closed","ping_status":"closed","template":"","meta":{"footnotes":""},"class_list":["post-1871","page","type-page","status-publish","hentry"],"_links":{"self":[{"href":"https:\/\/aaaikido.de\/index.php?rest_route=\/wp\/v2\/pages\/1871","targetHints":{"allow":["GET"]}}],"collection":[{"href":"https:\/\/aaaikido.de\/index.php?rest_route=\/wp\/v2\/pages"}],"about":[{"href":"https:\/\/aaaikido.de\/index.php?rest_route=\/wp\/v2\/types\/page"}],"author":[{"embeddable":true,"href":"https:\/\/aaaikido.de\/index.php?rest_route=\/wp\/v2\/users\/1"}],"replies":[{"embeddable":true,"href":"https:\/\/aaaikido.de\/index.php?rest_route=%2Fwp%2Fv2%2Fcomments&post=1871"}],"version-history":[{"count":12,"href":"https:\/\/aaaikido.de\/index.php?rest_route=\/wp\/v2\/pages\/1871\/revisions"}],"predecessor-version":[{"id":3279,"href":"https:\/\/aaaikido.de\/index.php?rest_route=\/wp\/v2\/pages\/1871\/revisions\/3279"}],"wp:attachment":[{"href":"https:\/\/aaaikido.de\/index.php?rest_route=%2Fwp%2Fv2%2Fmedia&parent=1871"}],"curies":[{"name":"wp","href":"https:\/\/api.w.org\/{rel}","templated":true}]}}