{"id":1847,"date":"2023-07-29T10:46:13","date_gmt":"2023-07-29T10:46:13","guid":{"rendered":"https:\/\/aikido-teck.de\/?page_id=1847"},"modified":"2023-08-07T09:35:07","modified_gmt":"2023-08-07T09:35:07","slug":"mein-weg","status":"publish","type":"page","link":"https:\/\/aaaikido.de\/?page_id=1847","title":{"rendered":"(m)ein Weg"},"content":{"rendered":"\n<p>Seit 1993 lerne und \u00fcbe ich Aikido. Eine lange und zugleich sehr kurze Zeit .. wie man es betrachtet. Einen der ersten Aikido-Lehrg\u00e4nge, an denen ich teilgenommen habe, hat Kobayashi Sensei geleitet. Das war in Arthon-en-Retz am franz\u00f6sischen Atlantik 1994. Da war alles beeindruckend: die lange Anreise zu dritt in einem alten Auto, Kobayashi Sensei und auch Ma\u00eetre Cognard, der als Uke wie ein Gummiball durch die Luft flog und dabei simultan von  Japanisch auf Franz\u00f6sisch \u00fcbersetzte. Da Ma\u00eetre Cognard damals nicht zu den Leichtgewichten geh\u00f6rte, schien dies  physikalischen Gesetzen zu widersprechen, entzog sich der \u00fcblichen Logik. <\/p>\n\n\n\n<p>Seit 30 Jahren versuche ich, Aikido zu verstehen und seit 25 Jahren, es auch weiterzugeben. Es gibt viele Schichten und Dimensionen im Aikido. Und ich vermute, ein Menschenleben reicht nicht aus, um alle zu ergr\u00fcnden. Das Leben mag ein Ende finden, der Weg bleibt &#8230; <\/p>\n","protected":false},"excerpt":{"rendered":"<p>Seit 1993 lerne und \u00fcbe ich Aikido. Eine lange und zugleich sehr kurze Zeit .. wie man es betrachtet. Einen der ersten Aikido-Lehrg\u00e4nge, an denen ich teilgenommen habe, hat Kobayashi Sensei geleitet. Das war in Arthon-en-Retz am franz\u00f6sischen Atlantik 1994. Da war alles beeindruckend: die lange Anreise zu dritt in einem alten Auto, Kobayashi Sensei [&hellip;]<\/p>\n","protected":false},"author":1,"featured_media":0,"parent":1871,"menu_order":1,"comment_status":"closed","ping_status":"closed","template":"templates\/template-full-width.php","meta":{"footnotes":""},"class_list":["post-1847","page","type-page","status-publish","hentry"],"_links":{"self":[{"href":"https:\/\/aaaikido.de\/index.php?rest_route=\/wp\/v2\/pages\/1847","targetHints":{"allow":["GET"]}}],"collection":[{"href":"https:\/\/aaaikido.de\/index.php?rest_route=\/wp\/v2\/pages"}],"about":[{"href":"https:\/\/aaaikido.de\/index.php?rest_route=\/wp\/v2\/types\/page"}],"author":[{"embeddable":true,"href":"https:\/\/aaaikido.de\/index.php?rest_route=\/wp\/v2\/users\/1"}],"replies":[{"embeddable":true,"href":"https:\/\/aaaikido.de\/index.php?rest_route=%2Fwp%2Fv2%2Fcomments&post=1847"}],"version-history":[{"count":13,"href":"https:\/\/aaaikido.de\/index.php?rest_route=\/wp\/v2\/pages\/1847\/revisions"}],"predecessor-version":[{"id":2032,"href":"https:\/\/aaaikido.de\/index.php?rest_route=\/wp\/v2\/pages\/1847\/revisions\/2032"}],"up":[{"embeddable":true,"href":"https:\/\/aaaikido.de\/index.php?rest_route=\/wp\/v2\/pages\/1871"}],"wp:attachment":[{"href":"https:\/\/aaaikido.de\/index.php?rest_route=%2Fwp%2Fv2%2Fmedia&parent=1847"}],"curies":[{"name":"wp","href":"https:\/\/api.w.org\/{rel}","templated":true}]}}