{"id":14,"date":"2022-09-03T18:00:02","date_gmt":"2022-09-03T18:00:02","guid":{"rendered":"http:\/\/misogi.aaaikido.de\/?page_id=14"},"modified":"2023-10-03T18:40:48","modified_gmt":"2023-10-03T16:40:48","slug":"datenschutz","status":"publish","type":"page","link":"https:\/\/aaaikido.de\/?page_id=14","title":{"rendered":"Impressum &#038; Datenschutz"},"content":{"rendered":"\n<h2 class=\"wp-block-heading\"><strong>Impressum<\/strong><\/h2>\n\n\n\n<p>Die Website <strong><span class=\"underline\" style=\"text-decoration: underline\"><a href=\"https:\/\/www.AAAikido.de\">https:\/\/www.AAAikido.de<\/a><\/span><\/strong> ist eine private Webseite, die von Christine Schmidt erstellt wurde. <\/p>\n\n\n\n<h4 class=\"wp-block-heading\"><strong>Adresse und Kontaktdaten der Verantwortlichen<\/strong>:<\/h4>\n\n\n\n<figure id=\"Name\" class=\"wp-block-table is-style-regular\"><table><tbody><tr><td>Name<\/td><td><img decoding=\"async\" class=\"wp-image-1819\" style=\"width: 196px;\" src=\"http:\/\/aikido-teck.de\/wp-content\/uploads\/2022\/09\/ImprName2.jpg\" alt=\"\"><\/td><\/tr><tr><td>Adresse<\/td><td><img decoding=\"async\" class=\"wp-image-1821\" style=\"width: 215px;\" src=\"http:\/\/aikido-teck.de\/wp-content\/uploads\/2022\/09\/ImprAdresse2.jpg\" alt=\"\"><\/td><\/tr><tr><td>Telefon<\/td><td><img decoding=\"async\" class=\"wp-image-1818\" style=\"width: 157px;\" src=\"http:\/\/aikido-teck.de\/wp-content\/uploads\/2022\/09\/ImprTelefon2.jpg\" alt=\"\"><\/td><\/tr><tr><td>Email<\/td><td><img decoding=\"async\" class=\"wp-image-1820\" style=\"width: 249px;\" src=\"http:\/\/aikido-teck.de\/wp-content\/uploads\/2022\/09\/ImprEMail2.jpg\" alt=\"\"><\/td><\/tr><\/tbody><\/table><\/figure>\n\n\n\n<hr class=\"wp-block-separator has-css-opacity\"\/>\n\n\n\n<h2 class=\"wp-block-heading\"><strong>Pers\u00f6nliche Datenschutzerkl\u00e4rung<\/strong><\/h2>\n\n\n\n<p>Beim Aufruf dieser Webseiten werden vom Provider die IP-Adressen der Besucher erfasst und in Logfiles gespeichert. Die erhobenen Daten k\u00f6nnen durch den Anbieter dieser Webseite nur anonymisiert zu statistischen Zwecken verwendet werden. Dieser \u201cService\u201d l\u00e4sst sich nicht ausschalten. Die IP-Adressen der Besucher speichert der Provider zur Erkennung und Abwehr von Angriffen maximal sieben Tage. <\/p>\n\n\n\n<p>Versuche, sich unberechtigt auf dieser Webseite einzuloggen oder diese Seiten zu hacken, haben ein Blocken der IP-Adressen, von denen diese kriminellen Angriffe ausgehen, zur Folge. Es kann sein, dass solche IP-Adressen auch auf Dauer geblockt werden. In diesem Zusammenhang erfolgt zum Schutz dieser Webseiten eine Speicherung der betreffenden IP-Adressen auf unbestimmte Zeit. <\/p>\n\n\n\n<p><strong>Auf diesen Webseiten erfolgt weder ein Tracking, noch sind meines Wissens oder in meinem Auftrag Webanalysedienste aktiv<\/strong>. Cookies werden zwecks Beschr\u00e4nkung des Zugangs zu den internen Seiten verwendet.  <\/p>\n\n\n\n<p>Im Falle von Beitr\u00e4gen und Kommentaren, die von Nutzern und Besuchern in daf\u00fcr vorgesehen Felder eingegeben werden, erfolgt ebenfalls automatisch eine Speicherung von Email- und IP-Adressen. Diese werden sp\u00e4testens nach einem Jahr und auf Wunsch bei entsprechender schriftlicher Mitteilung auch sofort gel\u00f6scht. Eine weitere Verwendung oder Weitergabe an Dritte erfolgt auf keinen Fall. Mit den IP-Adressen kann ich ohnehin nichts anfangen (Google, YouTube oder andere IT-Konzerne k\u00f6nnten das vielleicht &#8211; und die bekommen von mir nichts).<\/p>\n\n\n\n<p>Falls entgegen meinen Intensionen und der oben gemachten Aussagen, doch automatisch und durch mich ungewollt Tracking oder Webanalyse durchgef\u00fchrt werden sollten, erfolgt keine Auswertung, weil ich daran kein Interesse und auch keine Zeit daf\u00fcr habe. Besch\u00e4ftige mich lieber mit Aikido.<br><br>So ist es im Klartext, ohne juristische Schn\u00f6rkel und Finten. So meine ich es und dazu stehe ich.<br><br>Ich bin keine Juristin und habe keinen st\u00e4ndigen juristischen Beistand engagiert. Offenbar ist es ausgeschlossen, dass ein juristischer Laie rechtssichere Datenschutzerkl\u00e4rungen erstellt. Mir wurde abgeraten, sie auf diese Weise und in dieser Form zu formulieren. Diese Erkl\u00e4rungen m\u00fcssen anscheinend m\u00f6glichst unverst\u00e4ndlich und b\u00fcrokratisch klingen, um m\u00f6glichst viele Menschen verbal glaubw\u00fcrdig abzuschrecken. Sehe darin keine gute Entwicklung. Um offiziellen Anforderungen zu gen\u00fcgen, folgt weiter unten eine formale Datenschutzerkl\u00e4rung. <br><br>Falls ein Rechtsanwalt auf die Idee kommen sollte, mich wegen irgendwelcher Unzul\u00e4nglichkeiten dieser Datenschutzerkl\u00e4rung(en) in formaler Hinsicht zu belangen und abzumahnen, m\u00f6ge der Donner \u00fcber ihn hereinbrechen.   <\/p>\n\n\n\n<hr class=\"wp-block-separator has-css-opacity\"\/>\n\n\n\n<h2 class=\"wp-block-heading\"><strong>Formale Datenschutzerkl\u00e4rung<\/strong> <\/h2>\n\n\n\n<h5 class=\"wp-block-heading\"><strong>(WordPress Standard)<\/strong><\/h5>\n\n\n\n<h3 class=\"wp-block-heading\">Kommentare<\/h3>\n\n\n\n<p>Wenn Besucher Kommentare auf der Website schreiben, sammeln wir die Daten, die im Kommentar-Formular angezeigt werden, au\u00dferdem die IP-Adresse des Besuchers und den User-Agent-String (damit wird der Browser identifiziert), um die Erkennung von Spam zu unterst\u00fctzen.<\/p>\n\n\n\n<p>Aus Deiner E-Mail-Adresse kann eine anonymisierte Zeichenfolge erstellt (auch Hash genannt) und dem Gravatar-Dienst \u00fcbergeben werden, um zu pr\u00fcfen, ob du diesen benutzt. Die Datenschutzerkl\u00e4rung des Gravatar-Dienstes findest du hier: https:\/\/automattic.com\/privacy\/. Nachdem dein Kommentar freigegeben wurde, ist dein Profilbild \u00f6ffentlich im Kontext deines Kommentars sichtbar [Gravatardienste sind eigentlich abgeschaltet, dieser Abschnitt ist deshalb irrelevant und steht nur der Vollst\u00e4ndigkeit halber an dieser Stelle].<\/p>\n\n\n\n<h3 class=\"wp-block-heading\">Medien<\/h3>\n\n\n\n<p>Wenn du ein registrierter Benutzer bist und Fotos auf diese Website l\u00e4dst, solltest du vermeiden, Fotos mit einem EXIF-GPS-Standort hochzuladen. Besucher dieser Website k\u00f6nnten Fotos, die auf dieser Website gespeichert sind, herunterladen und deren Standort-Informationen extrahieren.<\/p>\n\n\n\n<h3 class=\"wp-block-heading\">Cookies<\/h3>\n\n\n\n<p>Wenn du einen Kommentar auf unserer Website schreibst, kann das eine Einwilligung sein, deinen Namen, E-Mail-Adresse und Website in Cookies zu speichern. Dies ist eine Komfortfunktion, damit du nicht, wenn du einen weiteren Kommentar schreibst, all diese Daten erneut eingeben musst. Diese Cookies werden ein Jahr lang gespeichert.<\/p>\n\n\n\n<p>Falls du ein Konto hast und dich auf dieser Website anmeldest, werden wir ein tempor\u00e4res Cookie setzen, um festzustellen, ob dein Browser Cookies akzeptiert. Dieses Cookie enth\u00e4lt keine personenbezogenen Daten und wird verworfen, wenn du deinen Browser schlie\u00dft.<\/p>\n\n\n\n<p>Wenn du dich anmeldest, werden wir einige Cookies einrichten, um deine Anmeldeinformationen und Anzeigeoptionen zu speichern. Anmelde-Cookies verfallen nach zwei Tagen und Cookies f\u00fcr die Anzeigeoptionen nach einem Jahr. Falls du bei der Anmeldung \u201eAngemeldet bleiben\u201c ausw\u00e4hlst, wird deine Anmeldung zwei Wochen lang aufrechterhalten. Mit der Abmeldung aus deinem Konto werden die Anmelde-Cookies gel\u00f6scht.<\/p>\n\n\n\n<p>Wenn du einen Artikel bearbeitest oder ver\u00f6ffentlichst, wird ein zus\u00e4tzlicher Cookie in deinem Browser gespeichert. Dieser Cookie enth\u00e4lt keine personenbezogenen Daten und verweist nur auf die Beitrags-ID des Artikels, den du gerade bearbeitet hast. Der Cookie verf\u00e4llt nach einem Tag.<\/p>\n\n\n\n<h3 class=\"wp-block-heading\">Eingebettete Inhalte von anderen Websites<\/h3>\n\n\n\n<p>Beitr\u00e4ge auf dieser Website k\u00f6nnen eingebettete Inhalte beinhalten (z.&nbsp;B. Videos, Bilder, Beitr\u00e4ge etc.). Eingebettete Inhalte von anderen Websites verhalten sich exakt so, als ob der Besucher die andere Website besucht h\u00e4tte.<\/p>\n\n\n\n<p>Diese Websites k\u00f6nnen Daten \u00fcber dich sammeln, Cookies benutzen, zus\u00e4tzliche Tracking-Dienste von Dritten einbetten und deine Interaktion mit diesem eingebetteten Inhalt aufzeichnen, inklusive deiner Interaktion mit dem eingebetteten Inhalt, falls du ein Konto hast und auf dieser Website angemeldet bist.<\/p>\n\n\n\n<h3 class=\"wp-block-heading\">Mit wem wir deine Daten teilen<\/h3>\n\n\n\n<p>Wenn du eine Zur\u00fccksetzung des Passworts beantragst, wird deine IP-Adresse in der E-Mail zur Zur\u00fccksetzung enthalten sein.<\/p>\n\n\n\n<h3 class=\"wp-block-heading\">Wie lange wir deine Daten speichern<\/h3>\n\n\n\n<p>Wenn du einen Kommentar schreibst, wird dieser inklusive Metadaten zeitlich unbegrenzt gespeichert. Auf diese Art k\u00f6nnen wir Folgekommentare automatisch erkennen und freigeben, anstatt sie in einer Moderations-Warteschlange festzuhalten.<\/p>\n\n\n\n<p>F\u00fcr Benutzer, die sich auf unserer Website registrieren, speichern wir zus\u00e4tzlich die pers\u00f6nlichen Informationen, die sie in ihren Benutzerprofilen angeben. Alle Benutzer k\u00f6nnen jederzeit ihre pers\u00f6nlichen Informationen einsehen, ver\u00e4ndern oder l\u00f6schen (der Benutzername kann nicht ver\u00e4ndert werden). Administratoren der Website k\u00f6nnen diese Informationen ebenfalls einsehen und ver\u00e4ndern.<\/p>\n\n\n\n<h3 class=\"wp-block-heading\">Welche Rechte du an deinen Daten hast<\/h3>\n\n\n\n<p><strong class=\"privacy-policy-tutorial\"><\/strong>Wenn du ein Konto auf dieser Website besitzt oder Kommentare geschrieben hast, kannst du einen Export deiner personenbezogenen Daten bei uns anfordern, inklusive aller Daten, die du uns mitgeteilt hast. Dar\u00fcber hinaus kannst du die L\u00f6schung aller personenbezogenen Daten, die wir von dir gespeichert haben, anfordern. Dies umfasst nicht die Daten, die wir aufgrund administrativer, rechtlicher oder sicherheitsrelevanter Notwendigkeiten aufbewahren m\u00fcssen.<\/p>\n\n\n\n<h3 class=\"wp-block-heading\">Wohin wir deine Daten senden<\/h3>\n\n\n\n<p>Besucher-Kommentare k\u00f6nnten von einem automatisierten Dienst zur Spam-Erkennung untersucht werden.<\/p>\n\n\n\n<h3 class=\"wp-block-heading\">LocalStorage und Dark Mode<\/h3>\n\n\n\n<p>Diese Website verwendet LocalStorage, um die Einstellung zu speichern, wenn die Unterst\u00fctzung f\u00fcr den Dark Mode ein- oder ausgeschaltet wird.<br>LocalStorage ist notwendig, damit die Einstellung funktioniert, und wird nur verwendet, wenn ein Benutzer auf die Schaltfl\u00e4che Dark Mode klickt.<br>Es werden keine Daten in die Datenbank gespeichert oder \u00fcbertragen.<\/p>\n\n\n\n<hr class=\"wp-block-separator has-css-opacity\"\/>\n\n\n\n<h2 class=\"wp-block-heading\"><strong>Disclaimer<\/strong><\/h2>\n\n\n\n<p>Und damit auch diese Formalie erf\u00fcllt ist, folgt hier ein Disclaimer:  ich distanziere mich hier aus rechtlichen Gr\u00fcnden von den Inhalten gegebenenfalls verlinkter Webseiten, soweit davon auszugehen ist, dass ich auf deren Inhalt weder direkten noch indirekten Einfluss habe. <\/p>\n\n\n\n<p>Nat\u00fcrlich wird von dieser Webseite nicht auf irgendwelche anderen Webseiten verlinkt. In diesem Sinne spreche ich eine Empfehlung f\u00fcr die verlinkten Seiten aus und diese werden auch sorgf\u00e4ltig gepr\u00fcft. Aber eben nicht st\u00e4ndig, weil ich auch nicht im Hauptberuf Webseiten pr\u00fcfe. Und deshalb muss ich mich hier leider inhaltlich von verlinkten Webseiten distanzieren, f\u00fcr die ich nicht selber verantwortlich bin. Egal wie widersinnig das ist. <\/p>\n","protected":false},"excerpt":{"rendered":"<p>Impressum Die Website https:\/\/www.AAAikido.de ist eine private Webseite, die von Christine Schmidt erstellt wurde. Adresse und Kontaktdaten der Verantwortlichen: Name Adresse Telefon Email Pers\u00f6nliche Datenschutzerkl\u00e4rung Beim Aufruf dieser Webseiten werden vom Provider die IP-Adressen der Besucher erfasst und in Logfiles gespeichert. Die erhobenen Daten k\u00f6nnen durch den Anbieter dieser Webseite nur anonymisiert zu statistischen Zwecken [&hellip;]<\/p>\n","protected":false},"author":1,"featured_media":0,"parent":1871,"menu_order":0,"comment_status":"closed","ping_status":"closed","template":"","meta":{"footnotes":""},"class_list":["post-14","page","type-page","status-publish","hentry"],"_links":{"self":[{"href":"https:\/\/aaaikido.de\/index.php?rest_route=\/wp\/v2\/pages\/14","targetHints":{"allow":["GET"]}}],"collection":[{"href":"https:\/\/aaaikido.de\/index.php?rest_route=\/wp\/v2\/pages"}],"about":[{"href":"https:\/\/aaaikido.de\/index.php?rest_route=\/wp\/v2\/types\/page"}],"author":[{"embeddable":true,"href":"https:\/\/aaaikido.de\/index.php?rest_route=\/wp\/v2\/users\/1"}],"replies":[{"embeddable":true,"href":"https:\/\/aaaikido.de\/index.php?rest_route=%2Fwp%2Fv2%2Fcomments&post=14"}],"version-history":[{"count":5,"href":"https:\/\/aaaikido.de\/index.php?rest_route=\/wp\/v2\/pages\/14\/revisions"}],"predecessor-version":[{"id":2844,"href":"https:\/\/aaaikido.de\/index.php?rest_route=\/wp\/v2\/pages\/14\/revisions\/2844"}],"up":[{"embeddable":true,"href":"https:\/\/aaaikido.de\/index.php?rest_route=\/wp\/v2\/pages\/1871"}],"wp:attachment":[{"href":"https:\/\/aaaikido.de\/index.php?rest_route=%2Fwp%2Fv2%2Fmedia&parent=14"}],"curies":[{"name":"wp","href":"https:\/\/api.w.org\/{rel}","templated":true}]}}